{"id":592,"date":"2016-06-06T09:20:18","date_gmt":"2016-06-06T07:20:18","guid":{"rendered":"https:\/\/www.malts-of-scotland.com\/en\/impressum\/"},"modified":"2017-03-29T14:10:07","modified_gmt":"2017-03-29T12:10:07","slug":"imprint","status":"publish","type":"page","link":"https:\/\/malts-of-scotland.de\/en\/imprint\/","title":{"rendered":"Imprint"},"content":{"rendered":"<h1>Impressum<\/h1>\n<p><strong>MALTS OF SCOTLAND<\/strong><br \/>\nSenefelderstra\u00dfe 7<br \/>\nD-33100 Paderborn<br \/>\nTel. 0049(0)5251 288159-0<br \/>\nFax 0049(0)5251 288159-1<br \/>\ninfo(at)malts-of-scotland.com<br \/>\nUSt.-IdNr.: DE 257760183<\/p>\n<p><strong>Haftungshinweise<\/strong><\/p>\n<p>Es wird keine Garantie f\u00fcr die Korrektheit oder Vollst\u00e4ndigkeit der Informationen \u00fcbernommen. Verantwortlich f\u00fcr den Inhalt externer Links sind ausschlie\u00dflich deren Betreiber. Wir \u00fcbernehmen keinerlei Haftung f\u00fcr Sch\u00e4den, die direkt oder indirekt mit der Nutzung, dem Missbrauch oder der Funktionalit\u00e4t dieser Website oder der darin angebotenen Informationsinhalte in Zusammenhang stehen.<\/p>\n<p><strong>Urheberrechtshinweise<\/strong><br \/>\nTexte, Bilder, Grafiken sowie Layout dieser Seiten unterliegen weltweitem Urheberrecht. Unerlaubte Verwendung, Reproduktion oder Weitergabe einzelner Inhalte oder kompletter Seiten werden sowohl strafrechtlich als auch zivilrechtlich verfolgt.<\/p>\n","protected":false},"excerpt":{"rendered":"<p>Impressum MALTS OF SCOTLAND Senefelderstra\u00dfe 7 D-33100 Paderborn Tel. 0049(0)5251 288159-0 Fax 0049(0)5251 288159-1 info(at)malts-of-scotland.com USt.-IdNr.: DE 257760183 Haftungshinweise Es&#8230; <a class=\"read-more-link\" href=\"https:\/\/malts-of-scotland.de\/en\/imprint\/\">weiterlesen<\/a><\/p>\n","protected":false},"author":1,"featured_media":0,"parent":0,"menu_order":14,"comment_status":"closed","ping_status":"closed","template":"","meta":{"_acf_changed":false,"_seopress_robots_primary_cat":"","_seopress_titles_title":"","_seopress_titles_desc":"","_seopress_robots_index":"","footnotes":""},"acf":[],"_links":{"self":[{"href":"https:\/\/malts-of-scotland.de\/en\/wp-json\/wp\/v2\/pages\/592"}],"collection":[{"href":"https:\/\/malts-of-scotland.de\/en\/wp-json\/wp\/v2\/pages"}],"about":[{"href":"https:\/\/malts-of-scotland.de\/en\/wp-json\/wp\/v2\/types\/page"}],"author":[{"embeddable":true,"href":"https:\/\/malts-of-scotland.de\/en\/wp-json\/wp\/v2\/users\/1"}],"replies":[{"embeddable":true,"href":"https:\/\/malts-of-scotland.de\/en\/wp-json\/wp\/v2\/comments?post=592"}],"version-history":[{"count":0,"href":"https:\/\/malts-of-scotland.de\/en\/wp-json\/wp\/v2\/pages\/592\/revisions"}],"wp:attachment":[{"href":"https:\/\/malts-of-scotland.de\/en\/wp-json\/wp\/v2\/media?parent=592"}],"curies":[{"name":"wp","href":"https:\/\/api.w.org\/{rel}","templated":true}]}}