{"id":169,"date":"2016-06-15T11:15:07","date_gmt":"2016-06-15T09:15:07","guid":{"rendered":"https:\/\/www.malts-of-scotland.com\/en\/?page_id=169"},"modified":"2017-03-22T14:43:16","modified_gmt":"2017-03-22T13:43:16","slug":"bottlings","status":"publish","type":"page","link":"https:\/\/malts-of-scotland.de\/en\/bottlings\/","title":{"rendered":"Bottlings"},"content":{"rendered":"<p>Die MALTS OF SCOTLAND Abf\u00fcllungen.<\/p>\n<p>Entdecken Sie hier die verschiedenen Serien von MALTS OF SCOTLAND.<\/p>\n<p>F\u00fcr alle Abf\u00fcllungen w\u00e4hlen wir die F\u00e4sser mit gr\u00f6\u00dfter Sorgfalt aus gem\u00e4\u00df unseres Mottos &#8220;every bottle a benchmark&#8221;.<\/p>\n","protected":false},"excerpt":{"rendered":"<p>Die MALTS OF SCOTLAND Abf\u00fcllungen. Entdecken Sie hier die verschiedenen Serien von MALTS OF SCOTLAND. F\u00fcr alle Abf\u00fcllungen w\u00e4hlen wir&#8230; <a class=\"read-more-link\" href=\"https:\/\/malts-of-scotland.de\/en\/bottlings\/\">weiterlesen<\/a><\/p>\n","protected":false},"author":1,"featured_media":0,"parent":0,"menu_order":2,"comment_status":"closed","ping_status":"closed","template":"templates\/tpl-bottlings.php","meta":{"_acf_changed":false,"_seopress_robots_primary_cat":"","_seopress_titles_title":"","_seopress_titles_desc":"","_seopress_robots_index":"","footnotes":""},"acf":[],"_links":{"self":[{"href":"https:\/\/malts-of-scotland.de\/en\/wp-json\/wp\/v2\/pages\/169"}],"collection":[{"href":"https:\/\/malts-of-scotland.de\/en\/wp-json\/wp\/v2\/pages"}],"about":[{"href":"https:\/\/malts-of-scotland.de\/en\/wp-json\/wp\/v2\/types\/page"}],"author":[{"embeddable":true,"href":"https:\/\/malts-of-scotland.de\/en\/wp-json\/wp\/v2\/users\/1"}],"replies":[{"embeddable":true,"href":"https:\/\/malts-of-scotland.de\/en\/wp-json\/wp\/v2\/comments?post=169"}],"version-history":[{"count":0,"href":"https:\/\/malts-of-scotland.de\/en\/wp-json\/wp\/v2\/pages\/169\/revisions"}],"wp:attachment":[{"href":"https:\/\/malts-of-scotland.de\/en\/wp-json\/wp\/v2\/media?parent=169"}],"curies":[{"name":"wp","href":"https:\/\/api.w.org\/{rel}","templated":true}]}}